{"id":73,"date":"2023-02-01T00:29:22","date_gmt":"2023-01-31T23:29:22","guid":{"rendered":"https:\/\/audit-ucetni-zaverky.bedesign.cz\/audit-ucetni-zaverky\/?page_id=73"},"modified":"2023-07-28T00:16:49","modified_gmt":"2023-07-27T22:16:49","slug":"career","status":"publish","type":"page","link":"https:\/\/hurdalek.bedesign.cz\/de\/career\/","title":{"rendered":"Career"},"content":{"rendered":"<div data-elementor-type=\"wp-page\" data-elementor-id=\"73\" class=\"elementor elementor-73\" data-elementor-post-type=\"page\">\n\t\t\t\t\t\t\t<div class=\"elementor-element elementor-element-bc01ac2 e-flex e-con-boxed e-con\" data-id=\"bc01ac2\" data-element_type=\"container\" data-settings=\"{&quot;content_width&quot;:&quot;boxed&quot;}\">\n\t\t\t\t\t<div class=\"e-con-inner\">\n\t\t\t\t<div class=\"elementor-element elementor-element-d97327d elementor-grid-4 elementor-grid-tablet-2 elementor-grid-mobile-1 elementor-posts--thumbnail-top elementor-card-shadow-yes elementor-posts__hover-gradient elementor-widget elementor-widget-posts\" data-id=\"d97327d\" data-element_type=\"widget\" data-settings=\"{&quot;cards_columns&quot;:&quot;4&quot;,&quot;pagination_type&quot;:&quot;numbers&quot;,&quot;cards_columns_tablet&quot;:&quot;2&quot;,&quot;cards_columns_mobile&quot;:&quot;1&quot;,&quot;cards_row_gap&quot;:{&quot;unit&quot;:&quot;px&quot;,&quot;size&quot;:35,&quot;sizes&quot;:[]},&quot;cards_row_gap_tablet&quot;:{&quot;unit&quot;:&quot;px&quot;,&quot;size&quot;:&quot;&quot;,&quot;sizes&quot;:[]},&quot;cards_row_gap_mobile&quot;:{&quot;unit&quot;:&quot;px&quot;,&quot;size&quot;:&quot;&quot;,&quot;sizes&quot;:[]}}\" data-widget_type=\"posts.cards\">\n\t\t\t\t<div class=\"elementor-widget-container\">\n\t\t\t<link rel=\"stylesheet\" href=\"https:\/\/hurdalek.bedesign.cz\/wp-content\/plugins\/elementor-pro\/assets\/css\/widget-posts.min.css\">\t\t<div class=\"elementor-posts-container elementor-posts elementor-posts--skin-cards elementor-grid\">\n\t\t\t\t<article class=\"elementor-post elementor-grid-item post-186 post type-post status-publish format-standard has-post-thumbnail hentry category-aktualita\">\n\t\t\t<div class=\"elementor-post__card\">\n\t\t\t\t<a class=\"elementor-post__thumbnail__link\" href=\"https:\/\/hurdalek.bedesign.cz\/de\/aktualita\/ukazka\/\" ><div class=\"elementor-post__thumbnail\"><img width=\"300\" height=\"169\" src=\"https:\/\/hurdalek.bedesign.cz\/wp-content\/uploads\/2023\/07\/hurdalek-it-cloud-security-ii-300x169.jpeg\" class=\"attachment-medium size-medium wp-image-155\" alt=\"hurd\u00e1lek it cloud security\" decoding=\"async\" loading=\"lazy\" srcset=\"https:\/\/hurdalek.bedesign.cz\/wp-content\/uploads\/2023\/07\/hurdalek-it-cloud-security-ii-300x169.jpeg 300w, https:\/\/hurdalek.bedesign.cz\/wp-content\/uploads\/2023\/07\/hurdalek-it-cloud-security-ii-1024x576.jpeg 1024w, https:\/\/hurdalek.bedesign.cz\/wp-content\/uploads\/2023\/07\/hurdalek-it-cloud-security-ii-768x432.jpeg 768w, https:\/\/hurdalek.bedesign.cz\/wp-content\/uploads\/2023\/07\/hurdalek-it-cloud-security-ii.jpeg 1400w\" sizes=\"(max-width: 300px) 100vw, 300px\" \/><\/div><\/a>\n\t\t\t\t<div class=\"elementor-post__text\">\n\t\t\t\t<h3 class=\"elementor-post__title\">\n\t\t\t<a href=\"https:\/\/hurdalek.bedesign.cz\/de\/aktualita\/ukazka\/\" >\n\t\t\t\tUk\u00e1zka\t\t\t<\/a>\n\t\t<\/h3>\n\t\t\t\t<div class=\"elementor-post__excerpt\">\n\t\t\t<p>Toto je uk\u00e1zkov\u00fd text, kter\u00fd bude nahrazen Va\u0161\u00edm. Toto je uk\u00e1zkov\u00fd text, kter\u00fd bude nahrazen<\/p>\n\t\t<\/div>\n\t\t\t\t<\/div>\n\t\t\t\t<div class=\"elementor-post__meta-data\">\n\t\t\t\t\t<span class=\"elementor-post-date\">\n\t\t\t24. 7. 2023\t\t<\/span>\n\t\t\t\t<span class=\"elementor-post-avatar\">\n\t\t\tKeine Kommentare\t\t<\/span>\n\t\t\t\t<\/div>\n\t\t\t\t\t<\/div>\n\t\t<\/article>\n\t\t\t\t<article class=\"elementor-post elementor-grid-item post-184 post type-post status-publish format-standard has-post-thumbnail hentry category-aktualita\">\n\t\t\t<div class=\"elementor-post__card\">\n\t\t\t\t<a class=\"elementor-post__thumbnail__link\" href=\"https:\/\/hurdalek.bedesign.cz\/de\/aktualita\/ukazka-ii\/\" ><div class=\"elementor-post__thumbnail\"><img width=\"300\" height=\"218\" src=\"https:\/\/hurdalek.bedesign.cz\/wp-content\/uploads\/2023\/07\/hurdalek-it-cloud-security-i-300x218.jpeg\" class=\"attachment-medium size-medium wp-image-154\" alt=\"hurd\u00e1lek it cloud security\" decoding=\"async\" loading=\"lazy\" srcset=\"https:\/\/hurdalek.bedesign.cz\/wp-content\/uploads\/2023\/07\/hurdalek-it-cloud-security-i-300x218.jpeg 300w, https:\/\/hurdalek.bedesign.cz\/wp-content\/uploads\/2023\/07\/hurdalek-it-cloud-security-i-1024x745.jpeg 1024w, https:\/\/hurdalek.bedesign.cz\/wp-content\/uploads\/2023\/07\/hurdalek-it-cloud-security-i-768x558.jpeg 768w, https:\/\/hurdalek.bedesign.cz\/wp-content\/uploads\/2023\/07\/hurdalek-it-cloud-security-i.jpeg 1400w\" sizes=\"(max-width: 300px) 100vw, 300px\" \/><\/div><\/a>\n\t\t\t\t<div class=\"elementor-post__text\">\n\t\t\t\t<h3 class=\"elementor-post__title\">\n\t\t\t<a href=\"https:\/\/hurdalek.bedesign.cz\/de\/aktualita\/ukazka-ii\/\" >\n\t\t\t\tUk\u00e1zka II\t\t\t<\/a>\n\t\t<\/h3>\n\t\t\t\t<div class=\"elementor-post__excerpt\">\n\t\t\t<p>Toto je uk\u00e1zkov\u00fd text, kter\u00fd bude nahrazen Va\u0161\u00edm. Toto je uk\u00e1zkov\u00fd text, kter\u00fd bude nahrazen<\/p>\n\t\t<\/div>\n\t\t\t\t<\/div>\n\t\t\t\t<div class=\"elementor-post__meta-data\">\n\t\t\t\t\t<span class=\"elementor-post-date\">\n\t\t\t24. 7. 2023\t\t<\/span>\n\t\t\t\t<span class=\"elementor-post-avatar\">\n\t\t\tKeine Kommentare\t\t<\/span>\n\t\t\t\t<\/div>\n\t\t\t\t\t<\/div>\n\t\t<\/article>\n\t\t\t\t<article class=\"elementor-post elementor-grid-item post-182 post type-post status-publish format-standard has-post-thumbnail hentry category-aktualita\">\n\t\t\t<div class=\"elementor-post__card\">\n\t\t\t\t<a class=\"elementor-post__thumbnail__link\" href=\"https:\/\/hurdalek.bedesign.cz\/de\/aktualita\/ukazka-iii\/\" ><div class=\"elementor-post__thumbnail\"><img width=\"300\" height=\"168\" src=\"https:\/\/hurdalek.bedesign.cz\/wp-content\/uploads\/2023\/07\/hurdalek-it-cloud-security-300x168.jpeg\" class=\"attachment-medium size-medium wp-image-153\" alt=\"hurd\u00e1lek it cloud security\" decoding=\"async\" loading=\"lazy\" srcset=\"https:\/\/hurdalek.bedesign.cz\/wp-content\/uploads\/2023\/07\/hurdalek-it-cloud-security-300x168.jpeg 300w, https:\/\/hurdalek.bedesign.cz\/wp-content\/uploads\/2023\/07\/hurdalek-it-cloud-security-1024x574.jpeg 1024w, https:\/\/hurdalek.bedesign.cz\/wp-content\/uploads\/2023\/07\/hurdalek-it-cloud-security-768x431.jpeg 768w, https:\/\/hurdalek.bedesign.cz\/wp-content\/uploads\/2023\/07\/hurdalek-it-cloud-security.jpeg 1400w\" sizes=\"(max-width: 300px) 100vw, 300px\" \/><\/div><\/a>\n\t\t\t\t<div class=\"elementor-post__text\">\n\t\t\t\t<h3 class=\"elementor-post__title\">\n\t\t\t<a href=\"https:\/\/hurdalek.bedesign.cz\/de\/aktualita\/ukazka-iii\/\" >\n\t\t\t\tUk\u00e1zka III\t\t\t<\/a>\n\t\t<\/h3>\n\t\t\t\t<div class=\"elementor-post__excerpt\">\n\t\t\t<p>Toto je uk\u00e1zkov\u00fd text, kter\u00fd bude nahrazen Va\u0161\u00edm. Toto je uk\u00e1zkov\u00fd text, kter\u00fd bude nahrazen<\/p>\n\t\t<\/div>\n\t\t\t\t<\/div>\n\t\t\t\t<div class=\"elementor-post__meta-data\">\n\t\t\t\t\t<span class=\"elementor-post-date\">\n\t\t\t24. 7. 2023\t\t<\/span>\n\t\t\t\t<span class=\"elementor-post-avatar\">\n\t\t\tKeine Kommentare\t\t<\/span>\n\t\t\t\t<\/div>\n\t\t\t\t\t<\/div>\n\t\t<\/article>\n\t\t\t\t<article class=\"elementor-post elementor-grid-item post-180 post type-post status-publish format-standard has-post-thumbnail hentry category-aktualita\">\n\t\t\t<div class=\"elementor-post__card\">\n\t\t\t\t<a class=\"elementor-post__thumbnail__link\" href=\"https:\/\/hurdalek.bedesign.cz\/de\/aktualita\/ukazka-iv\/\" ><div class=\"elementor-post__thumbnail\"><img width=\"300\" height=\"200\" src=\"https:\/\/hurdalek.bedesign.cz\/wp-content\/uploads\/2023\/02\/audit-ucetni-zaverkya-300x200.jpg\" class=\"attachment-medium size-medium wp-image-90\" alt=\"HURDALEK SECURITY IT\" decoding=\"async\" loading=\"lazy\" srcset=\"https:\/\/hurdalek.bedesign.cz\/wp-content\/uploads\/2023\/02\/audit-ucetni-zaverkya-300x200.jpg 300w, https:\/\/hurdalek.bedesign.cz\/wp-content\/uploads\/2023\/02\/audit-ucetni-zaverkya-1024x683.jpg 1024w, https:\/\/hurdalek.bedesign.cz\/wp-content\/uploads\/2023\/02\/audit-ucetni-zaverkya-768x512.jpg 768w, https:\/\/hurdalek.bedesign.cz\/wp-content\/uploads\/2023\/02\/audit-ucetni-zaverkya.jpg 1300w\" sizes=\"(max-width: 300px) 100vw, 300px\" \/><\/div><\/a>\n\t\t\t\t<div class=\"elementor-post__text\">\n\t\t\t\t<h3 class=\"elementor-post__title\">\n\t\t\t<a href=\"https:\/\/hurdalek.bedesign.cz\/de\/aktualita\/ukazka-iv\/\" >\n\t\t\t\tUk\u00e1zka IV\t\t\t<\/a>\n\t\t<\/h3>\n\t\t\t\t<div class=\"elementor-post__excerpt\">\n\t\t\t<p>Toto je uk\u00e1zkov\u00fd text, kter\u00fd bude nahrazen Va\u0161\u00edm. Toto je uk\u00e1zkov\u00fd text, kter\u00fd bude nahrazen<\/p>\n\t\t<\/div>\n\t\t\t\t<\/div>\n\t\t\t\t<div class=\"elementor-post__meta-data\">\n\t\t\t\t\t<span class=\"elementor-post-date\">\n\t\t\t24. 7. 2023\t\t<\/span>\n\t\t\t\t<span class=\"elementor-post-avatar\">\n\t\t\tKeine Kommentare\t\t<\/span>\n\t\t\t\t<\/div>\n\t\t\t\t\t<\/div>\n\t\t<\/article>\n\t\t\t\t<\/div>\n\t\t\n\t\t\t\t<\/div>\n\t\t\t\t<\/div>\n\t\t\t\t\t<\/div>\n\t\t\t\t<\/div>\n\t\t\t\t\t\t\t<\/div>","protected":false},"excerpt":{"rendered":"","protected":false},"author":1,"featured_media":0,"parent":0,"menu_order":0,"comment_status":"closed","ping_status":"closed","template":"","meta":[],"_links":{"self":[{"href":"https:\/\/hurdalek.bedesign.cz\/de\/wp-json\/wp\/v2\/pages\/73"}],"collection":[{"href":"https:\/\/hurdalek.bedesign.cz\/de\/wp-json\/wp\/v2\/pages"}],"about":[{"href":"https:\/\/hurdalek.bedesign.cz\/de\/wp-json\/wp\/v2\/types\/page"}],"author":[{"embeddable":true,"href":"https:\/\/hurdalek.bedesign.cz\/de\/wp-json\/wp\/v2\/users\/1"}],"replies":[{"embeddable":true,"href":"https:\/\/hurdalek.bedesign.cz\/de\/wp-json\/wp\/v2\/comments?post=73"}],"version-history":[{"count":8,"href":"https:\/\/hurdalek.bedesign.cz\/de\/wp-json\/wp\/v2\/pages\/73\/revisions"}],"predecessor-version":[{"id":230,"href":"https:\/\/hurdalek.bedesign.cz\/de\/wp-json\/wp\/v2\/pages\/73\/revisions\/230"}],"wp:attachment":[{"href":"https:\/\/hurdalek.bedesign.cz\/de\/wp-json\/wp\/v2\/media?parent=73"}],"curies":[{"name":"wp","href":"https:\/\/api.w.org\/{rel}","templated":true}]}}